{"id":1488,"date":"2026-02-26T15:58:30","date_gmt":"2026-02-26T15:58:30","guid":{"rendered":"https:\/\/parcelardecolombia.com\/?page_id=1488"},"modified":"2026-03-12T15:24:25","modified_gmt":"2026-03-12T15:24:25","slug":"nosotros-2","status":"publish","type":"page","link":"https:\/\/parcelardecolombia.com\/?page_id=1488","title":{"rendered":"Nosotros"},"content":{"rendered":"\t\t<div data-elementor-type=\"wp-page\" data-elementor-id=\"1488\" class=\"elementor elementor-1488\" data-elementor-post-type=\"page\">\n\t\t\t\t<div class=\"elementor-element elementor-element-73cec811 e-flex e-con-boxed e-con e-parent\" data-id=\"73cec811\" data-element_type=\"container\" data-e-type=\"container\" data-settings=\"{&quot;background_background&quot;:&quot;classic&quot;,&quot;shape_divider_bottom&quot;:&quot;waves&quot;,&quot;shape_divider_bottom_negative&quot;:&quot;yes&quot;}\">\n\t\t\t\t\t<div class=\"e-con-inner\">\n\t\t\t\t<div class=\"elementor-shape elementor-shape-bottom\" aria-hidden=\"true\" data-negative=\"true\">\n\t\t\t<svg xmlns=\"http:\/\/www.w3.org\/2000\/svg\" viewBox=\"0 0 1000 100\" preserveAspectRatio=\"none\">\n\t<path class=\"elementor-shape-fill\" d=\"M790.5,93.1c-59.3-5.3-116.8-18-192.6-50c-29.6-12.7-76.9-31-100.5-35.9c-23.6-4.9-52.6-7.8-75.5-5.3\n\tc-10.2,1.1-22.6,1.4-50.1,7.4c-27.2,6.3-58.2,16.6-79.4,24.7c-41.3,15.9-94.9,21.9-134,22.6C72,58.2,0,25.8,0,25.8V100h1000V65.3\n\tc0,0-51.5,19.4-106.2,25.7C839.5,97,814.1,95.2,790.5,93.1z\"\/>\n<\/svg>\t\t<\/div>\n\t\t<div class=\"elementor-element elementor-element-26fe8251 e-con-full e-flex e-con e-child\" data-id=\"26fe8251\" data-element_type=\"container\" data-e-type=\"container\">\n\t\t\t\t<div class=\"elementor-element elementor-element-1e1b9e7e elementor-invisible elementor-widget elementor-widget-heading\" data-id=\"1e1b9e7e\" data-element_type=\"widget\" data-e-type=\"widget\" data-settings=\"{&quot;_animation&quot;:&quot;fadeIn&quot;,&quot;_animation_delay&quot;:200}\" data-widget_type=\"heading.default\">\n\t\t\t\t<div class=\"elementor-widget-container\">\n\t\t\t\t\t<h1 class=\"elementor-heading-title elementor-size-default\">Nosotros<\/h1>\t\t\t\t<\/div>\n\t\t\t\t<\/div>\n\t\t\t\t<\/div>\n\t\t\t\t\t<\/div>\n\t\t\t\t<\/div>\n\t\t<div class=\"elementor-element elementor-element-30680bb e-flex e-con-boxed e-con e-parent\" data-id=\"30680bb\" data-element_type=\"container\" data-e-type=\"container\">\n\t\t\t\t\t<div class=\"e-con-inner\">\n\t\t<div class=\"elementor-element elementor-element-f85dd3d e-con-full e-flex e-con e-child\" data-id=\"f85dd3d\" data-element_type=\"container\" data-e-type=\"container\" data-settings=\"{&quot;background_background&quot;:&quot;classic&quot;}\">\n\t\t\t\t<div class=\"elementor-element elementor-element-4083754 elementor-widget elementor-widget-heading\" data-id=\"4083754\" data-element_type=\"widget\" data-e-type=\"widget\" data-widget_type=\"heading.default\">\n\t\t\t\t<div class=\"elementor-widget-container\">\n\t\t\t\t\t<h2 class=\"elementor-heading-title elementor-size-default\">Mision<\/h2>\t\t\t\t<\/div>\n\t\t\t\t<\/div>\n\t\t\t\t<div class=\"elementor-element elementor-element-eee4e71 elementor-widget elementor-widget-heading\" data-id=\"eee4e71\" data-element_type=\"widget\" data-e-type=\"widget\" data-widget_type=\"heading.default\">\n\t\t\t\t<div class=\"elementor-widget-container\">\n\t\t\t\t\t<h3 class=\"elementor-heading-title elementor-size-default\">En Parcelar de Colombia SAS, nos dedicamos a la elaboraci\u00f3n y comercializaci\u00f3n de insumos biorracionales con el firme prop\u00f3sito de proteger y preservar el ecosistema. Entendemos las necesidades y desaf\u00edos de nuestros clientes, y por ello, nos enfocamos en crear productos innovadores que potencien, protejan y mejoren la calidad de sus cosechas. Nos destacamos por evitar el uso de qu\u00edmicos da\u00f1inos, asegurando soluciones efectivas y sostenibles que promuevan una agricultura responsable y respetuosa con el medio ambiente.<\/h3>\t\t\t\t<\/div>\n\t\t\t\t<\/div>\n\t\t\t\t<\/div>\n\t\t<div class=\"elementor-element elementor-element-548890f e-con-full e-flex e-con e-child\" data-id=\"548890f\" data-element_type=\"container\" data-e-type=\"container\" data-settings=\"{&quot;background_background&quot;:&quot;classic&quot;}\">\n\t\t\t\t<div class=\"elementor-element elementor-element-b71307e elementor-widget elementor-widget-heading\" data-id=\"b71307e\" data-element_type=\"widget\" data-e-type=\"widget\" data-widget_type=\"heading.default\">\n\t\t\t\t<div class=\"elementor-widget-container\">\n\t\t\t\t\t<h2 class=\"elementor-heading-title elementor-size-default\">Vision<\/h2>\t\t\t\t<\/div>\n\t\t\t\t<\/div>\n\t\t\t\t<div class=\"elementor-element elementor-element-e375860 elementor-widget elementor-widget-heading\" data-id=\"e375860\" data-element_type=\"widget\" data-e-type=\"widget\" data-widget_type=\"heading.default\">\n\t\t\t\t<div class=\"elementor-widget-container\">\n\t\t\t\t\t<h3 class=\"elementor-heading-title elementor-size-default\">Nuestra visi\u00f3n es ser l\u00edderes en la industria de insumos biorracionales, reconocidos por nuestra innovaci\u00f3n y compromiso con el medio ambiente. Nos proyectamos hacia un futuro donde la agricultura sea sostenible, saludable y respetuosa con la naturaleza. Nos esforzamos por ser el aliado de confianza de los agricultores, proporcion\u00e1ndoles productos de alta calidad que no solo potencien y protejan sus cosechas, sino que tambi\u00e9n aseguren la preservaci\u00f3n del ecosistema.<\/h3>\t\t\t\t<\/div>\n\t\t\t\t<\/div>\n\t\t\t\t<\/div>\n\t\t\t\t\t<\/div>\n\t\t\t\t<\/div>\n\t\t\t\t<\/div>\n\t\t","protected":false},"excerpt":{"rendered":"<p>Nosotros Mision En Parcelar de Colombia SAS, nos dedicamos a la elaboraci\u00f3n y comercializaci\u00f3n de insumos biorracionales con el firme prop\u00f3sito de proteger y preservar el ecosistema. Entendemos las necesidades y desaf\u00edos de nuestros clientes, y por ello, nos enfocamos en crear productos innovadores que potencien, protejan y mejoren la calidad de sus cosechas. Nos [&hellip;]<\/p>\n","protected":false},"author":1,"featured_media":0,"parent":0,"menu_order":0,"comment_status":"closed","ping_status":"closed","template":"elementor_header_footer","meta":{"footnotes":""},"class_list":["post-1488","page","type-page","status-publish","hentry"],"_links":{"self":[{"href":"https:\/\/parcelardecolombia.com\/index.php?rest_route=\/wp\/v2\/pages\/1488"}],"collection":[{"href":"https:\/\/parcelardecolombia.com\/index.php?rest_route=\/wp\/v2\/pages"}],"about":[{"href":"https:\/\/parcelardecolombia.com\/index.php?rest_route=\/wp\/v2\/types\/page"}],"author":[{"embeddable":true,"href":"https:\/\/parcelardecolombia.com\/index.php?rest_route=\/wp\/v2\/users\/1"}],"replies":[{"embeddable":true,"href":"https:\/\/parcelardecolombia.com\/index.php?rest_route=%2Fwp%2Fv2%2Fcomments&post=1488"}],"version-history":[{"count":29,"href":"https:\/\/parcelardecolombia.com\/index.php?rest_route=\/wp\/v2\/pages\/1488\/revisions"}],"predecessor-version":[{"id":2099,"href":"https:\/\/parcelardecolombia.com\/index.php?rest_route=\/wp\/v2\/pages\/1488\/revisions\/2099"}],"wp:attachment":[{"href":"https:\/\/parcelardecolombia.com\/index.php?rest_route=%2Fwp%2Fv2%2Fmedia&parent=1488"}],"curies":[{"name":"wp","href":"https:\/\/api.w.org\/{rel}","templated":true}]}}