{"id":1581,"date":"2026-03-11T13:31:29","date_gmt":"2026-03-11T13:31:29","guid":{"rendered":"https:\/\/parcelardecolombia.com\/?page_id=1581"},"modified":"2026-03-12T13:05:38","modified_gmt":"2026-03-12T13:05:38","slug":"antimicoticos","status":"publish","type":"page","link":"https:\/\/parcelardecolombia.com\/?page_id=1581","title":{"rendered":"Antimic\u00f3ticos"},"content":{"rendered":"\t\t<div data-elementor-type=\"wp-page\" data-elementor-id=\"1581\" class=\"elementor elementor-1581\" data-elementor-post-type=\"page\">\n\t\t\t\t<div class=\"elementor-element elementor-element-67f639a1 e-flex e-con-boxed e-con e-parent\" data-id=\"67f639a1\" data-element_type=\"container\" data-e-type=\"container\">\n\t\t\t\t\t<div class=\"e-con-inner\">\n\t\t\t\t<div class=\"elementor-element elementor-element-43dd1880 elementor-widget elementor-widget-heading\" data-id=\"43dd1880\" data-element_type=\"widget\" data-e-type=\"widget\" data-widget_type=\"heading.default\">\n\t\t\t\t<div class=\"elementor-widget-container\">\n\t\t\t\t\t<h2 class=\"elementor-heading-title elementor-size-default\">ANTIMIC\u00d3TICOS<\/h2>\t\t\t\t<\/div>\n\t\t\t\t<\/div>\n\t\t\t\t\t<\/div>\n\t\t\t\t<\/div>\n\t\t<div class=\"elementor-element elementor-element-763a1a14 e-flex e-con-boxed e-con e-parent\" data-id=\"763a1a14\" data-element_type=\"container\" data-e-type=\"container\">\n\t\t\t\t\t<div class=\"e-con-inner\">\n\t\t\t\t<div class=\"elementor-element elementor-element-42ff873c elementor-widget-divider--view-line elementor-widget elementor-widget-divider\" data-id=\"42ff873c\" data-element_type=\"widget\" data-e-type=\"widget\" data-widget_type=\"divider.default\">\n\t\t\t\t<div class=\"elementor-widget-container\">\n\t\t\t\t\t\t\t<div class=\"elementor-divider\">\n\t\t\t<span class=\"elementor-divider-separator\">\n\t\t\t\t\t\t<\/span>\n\t\t<\/div>\n\t\t\t\t\t\t<\/div>\n\t\t\t\t<\/div>\n\t\t\t\t\t<\/div>\n\t\t\t\t<\/div>\n\t\t<div class=\"elementor-element elementor-element-68c6b679 e-flex e-con-boxed e-con e-parent\" data-id=\"68c6b679\" data-element_type=\"container\" data-e-type=\"container\">\n\t\t\t\t\t<div class=\"e-con-inner\">\n\t\t\t\t<div class=\"elementor-element elementor-element-63520ac9 elementor-widget elementor-widget-text-editor\" data-id=\"63520ac9\" data-element_type=\"widget\" data-e-type=\"widget\" data-widget_type=\"text-editor.default\">\n\t\t\t\t<div class=\"elementor-widget-container\">\n\t\t\t\t\t\t\t\t\t<p>Nuestra l\u00ednea de antimic\u00f3ticos ofrece soluciones para proteger los cultivos de enfermedades causadas por hongos pat\u00f3genos. Utilizamos extractos naturales que combaten las enfermedades de forma efectiva, reduciendo la dependencia de qu\u00edmicos sint\u00e9ticos y promoviendo la salud del suelo y del cultivo.<\/p>\t\t\t\t\t\t\t\t<\/div>\n\t\t\t\t<\/div>\n\t\t<div class=\"elementor-element elementor-element-400acef e-con-full e-flex e-con e-child\" data-id=\"400acef\" data-element_type=\"container\" data-e-type=\"container\">\n\t\t\t\t<div class=\"elementor-element elementor-element-60e2d983 elementor-widget-divider--view-line elementor-widget elementor-widget-divider\" data-id=\"60e2d983\" data-element_type=\"widget\" data-e-type=\"widget\" data-widget_type=\"divider.default\">\n\t\t\t\t<div class=\"elementor-widget-container\">\n\t\t\t\t\t\t\t<div class=\"elementor-divider\">\n\t\t\t<span class=\"elementor-divider-separator\">\n\t\t\t\t\t\t<\/span>\n\t\t<\/div>\n\t\t\t\t\t\t<\/div>\n\t\t\t\t<\/div>\n\t\t\t\t<\/div>\n\t\t<div class=\"elementor-element elementor-element-35c0ea53 e-con-full e-flex e-con e-child\" data-id=\"35c0ea53\" data-element_type=\"container\" data-e-type=\"container\">\n\t\t\t\t<div class=\"elementor-element elementor-element-651426d5 elementor-widget elementor-widget-spacer\" data-id=\"651426d5\" data-element_type=\"widget\" data-e-type=\"widget\" data-widget_type=\"spacer.default\">\n\t\t\t\t<div class=\"elementor-widget-container\">\n\t\t\t\t\t\t\t<div class=\"elementor-spacer\">\n\t\t\t<div class=\"elementor-spacer-inner\"><\/div>\n\t\t<\/div>\n\t\t\t\t\t\t<\/div>\n\t\t\t\t<\/div>\n\t\t\t\t<\/div>\n\t\t\t\t\t<\/div>\n\t\t\t\t<\/div>\n\t\t<div class=\"elementor-element elementor-element-6048535a e-con-full e-flex e-con e-child\" data-id=\"6048535a\" data-element_type=\"container\" data-e-type=\"container\">\n\t\t<div class=\"elementor-element elementor-element-d1737e3 e-con-full e-flex e-con e-child\" data-id=\"d1737e3\" data-element_type=\"container\" data-e-type=\"container\">\n\t\t\t\t<div class=\"elementor-element elementor-element-5149e447 elementor-widget elementor-widget-image\" data-id=\"5149e447\" data-element_type=\"widget\" data-e-type=\"widget\" data-widget_type=\"image.default\">\n\t\t\t\t<div class=\"elementor-widget-container\">\n\t\t\t\t\t\t\t\t\t\t\t\t\t\t\t<img decoding=\"async\" src=\"https:\/\/parcelardecolombia.com\/wp-content\/uploads\/elementor\/thumbs\/cleancrop_1-scaled-rikksvtq6h0hsdx07n7v9vv3upye8c21osowcmk8j0.jpg\" title=\"cleancrop_1\" alt=\"cleancrop_1\" loading=\"lazy\" \/>\t\t\t\t\t\t\t\t\t\t\t\t\t\t\t<\/div>\n\t\t\t\t<\/div>\n\t\t\t\t<\/div>\n\t\t<div class=\"elementor-element elementor-element-774b7208 e-con-full e-flex e-con e-child\" data-id=\"774b7208\" data-element_type=\"container\" data-e-type=\"container\">\n\t\t\t\t<div class=\"elementor-element elementor-element-17d4ab5b elementor-widget elementor-widget-heading\" data-id=\"17d4ab5b\" data-element_type=\"widget\" data-e-type=\"widget\" data-widget_type=\"heading.default\">\n\t\t\t\t<div class=\"elementor-widget-container\">\n\t\t\t\t\t<div class=\"elementor-heading-title elementor-size-default\">Desinfecci\u00f3n natural de amplio espectro.<\/div>\t\t\t\t<\/div>\n\t\t\t\t<\/div>\n\t\t\t\t<div class=\"elementor-element elementor-element-4c95e057 elementor-widget elementor-widget-heading\" data-id=\"4c95e057\" data-element_type=\"widget\" data-e-type=\"widget\" data-widget_type=\"heading.default\">\n\t\t\t\t<div class=\"elementor-widget-container\">\n\t\t\t\t\t<h1 class=\"elementor-heading-title elementor-size-default\">CLEAN-CROP<\/h1>\t\t\t\t<\/div>\n\t\t\t\t<\/div>\n\t\t<div class=\"elementor-element elementor-element-3ebcb2ff e-con-full e-flex e-con e-child\" data-id=\"3ebcb2ff\" data-element_type=\"container\" data-e-type=\"container\" data-settings=\"{&quot;background_background&quot;:&quot;classic&quot;}\">\n\t\t\t\t<div class=\"elementor-element elementor-element-5b7f238e elementor-widget elementor-widget-text-editor\" data-id=\"5b7f238e\" data-element_type=\"widget\" data-e-type=\"widget\" data-widget_type=\"text-editor.default\">\n\t\t\t\t<div class=\"elementor-widget-container\">\n\t\t\t\t\t\t\t\t\t<p><strong>Desinfectante biorracional que controla hongos, bacterias y microorganismos sin generar residuos t\u00f3xicos. Ideal para proteger cultivos, suelos y superficies agr\u00edcolas, cuidando el equilibrio del ecosistema.<\/strong><\/p>\t\t\t\t\t\t\t\t<\/div>\n\t\t\t\t<\/div>\n\t\t\t\t<\/div>\n\t\t<div class=\"elementor-element elementor-element-714c600c e-con-full e-flex e-con e-child\" data-id=\"714c600c\" data-element_type=\"container\" data-e-type=\"container\">\n\t\t\t\t<div class=\"elementor-element elementor-element-28027338 elementor-widget elementor-widget-text-editor\" data-id=\"28027338\" data-element_type=\"widget\" data-e-type=\"widget\" data-widget_type=\"text-editor.default\">\n\t\t\t\t<div class=\"elementor-widget-container\">\n\t\t\t\t\t\t\t\t\t<p>\u2022 Funci\u00f3n: Desinfectante, bactericida y fungicida<br \/>\u2022 Aplicaci\u00f3n: Al suelo y v\u00eda foliar<br \/>\u2022 Solubilidad: Alta<br \/>\u2022 Frecuencia: Seg\u00fan programa sanitario y necesidad del cultivo<\/p><p>Dosis:<\/p><p>Suelo: 150 cc\/Ha<br \/>Foliar: 1000 cc\/Ha (realizar 2 aplicaciones)<\/p><p>\u00a0<\/p>\t\t\t\t\t\t\t\t<\/div>\n\t\t\t\t<\/div>\n\t\t<div class=\"elementor-element elementor-element-d0929e6 e-con-full e-flex e-con e-child\" data-id=\"d0929e6\" data-element_type=\"container\" data-e-type=\"container\">\n\t\t\t\t<div class=\"elementor-element elementor-element-165ab6b elementor-widget__width-initial elementor-widget elementor-widget-button\" data-id=\"165ab6b\" data-element_type=\"widget\" data-e-type=\"widget\" data-widget_type=\"button.default\">\n\t\t\t\t<div class=\"elementor-widget-container\">\n\t\t\t\t\t\t\t\t\t<div class=\"elementor-button-wrapper\">\n\t\t\t\t\t<a class=\"elementor-button elementor-button-link elementor-size-sm\" href=\"https:\/\/drive.google.com\/file\/d\/1inaxFCIjK-erHtArddPprYMa0bPvjXKr\/view?usp=sharing\" target=\"_blank\">\n\t\t\t\t\t\t<span class=\"elementor-button-content-wrapper\">\n\t\t\t\t\t\t\t\t\t<span class=\"elementor-button-text\">Hoja Seguridad<\/span>\n\t\t\t\t\t<\/span>\n\t\t\t\t\t<\/a>\n\t\t\t\t<\/div>\n\t\t\t\t\t\t\t\t<\/div>\n\t\t\t\t<\/div>\n\t\t\t\t<div class=\"elementor-element elementor-element-1bcadbb elementor-widget__width-initial elementor-align-center elementor-widget elementor-widget-button\" data-id=\"1bcadbb\" data-element_type=\"widget\" data-e-type=\"widget\" data-widget_type=\"button.default\">\n\t\t\t\t<div class=\"elementor-widget-container\">\n\t\t\t\t\t\t\t\t\t<div class=\"elementor-button-wrapper\">\n\t\t\t\t\t<a class=\"elementor-button elementor-button-link elementor-size-sm\" href=\"https:\/\/drive.google.com\/file\/d\/1bnfizdJxshxbJr2usvVxxwgAF4AP1sqK\/view?usp=sharing\" target=\"_blank\">\n\t\t\t\t\t\t<span class=\"elementor-button-content-wrapper\">\n\t\t\t\t\t\t\t\t\t<span class=\"elementor-button-text\">Ficha T\u00e9cnica<\/span>\n\t\t\t\t\t<\/span>\n\t\t\t\t\t<\/a>\n\t\t\t\t<\/div>\n\t\t\t\t\t\t\t\t<\/div>\n\t\t\t\t<\/div>\n\t\t\t\t<div class=\"elementor-element elementor-element-42c1209 elementor-widget__width-initial elementor-align-center elementor-widget elementor-widget-button\" data-id=\"42c1209\" data-element_type=\"widget\" data-e-type=\"widget\" data-widget_type=\"button.default\">\n\t\t\t\t<div class=\"elementor-widget-container\">\n\t\t\t\t\t\t\t\t\t<div class=\"elementor-button-wrapper\">\n\t\t\t\t\t<a class=\"elementor-button elementor-button-link elementor-size-sm\" href=\"#\">\n\t\t\t\t\t\t<span class=\"elementor-button-content-wrapper\">\n\t\t\t\t\t\t\t\t\t<span class=\"elementor-button-text\">Ayuda<\/span>\n\t\t\t\t\t<\/span>\n\t\t\t\t\t<\/a>\n\t\t\t\t<\/div>\n\t\t\t\t\t\t\t\t<\/div>\n\t\t\t\t<\/div>\n\t\t\t\t<\/div>\n\t\t\t\t<\/div>\n\t\t\t\t<\/div>\n\t\t\t\t<\/div>\n\t\t<div class=\"elementor-element elementor-element-a03025b e-flex e-con-boxed e-con e-parent\" data-id=\"a03025b\" data-element_type=\"container\" data-e-type=\"container\">\n\t\t\t\t\t<div class=\"e-con-inner\">\n\t\t\t\t<div class=\"elementor-element elementor-element-fd885e3 elementor-widget elementor-widget-spacer\" data-id=\"fd885e3\" data-element_type=\"widget\" data-e-type=\"widget\" data-widget_type=\"spacer.default\">\n\t\t\t\t<div class=\"elementor-widget-container\">\n\t\t\t\t\t\t\t<div class=\"elementor-spacer\">\n\t\t\t<div class=\"elementor-spacer-inner\"><\/div>\n\t\t<\/div>\n\t\t\t\t\t\t<\/div>\n\t\t\t\t<\/div>\n\t\t\t\t\t<\/div>\n\t\t\t\t<\/div>\n\t\t<div class=\"elementor-element elementor-element-0dcaa1b e-con-full e-flex e-con e-child\" data-id=\"0dcaa1b\" data-element_type=\"container\" data-e-type=\"container\">\n\t\t<div class=\"elementor-element elementor-element-cc97c6e e-con-full e-flex e-con e-child\" data-id=\"cc97c6e\" data-element_type=\"container\" data-e-type=\"container\">\n\t\t\t\t<div class=\"elementor-element elementor-element-41ef175 elementor-widget elementor-widget-image\" data-id=\"41ef175\" data-element_type=\"widget\" data-e-type=\"widget\" data-widget_type=\"image.default\">\n\t\t\t\t<div class=\"elementor-widget-container\">\n\t\t\t\t\t\t\t\t\t\t\t\t\t\t\t<img decoding=\"async\" src=\"https:\/\/parcelardecolombia.com\/wp-content\/uploads\/elementor\/thumbs\/Bordel-4-qsvxm23fdzi1m9x6aleo40hsnnhx7szf2aqb8lhfl8.webp\" title=\"Bordel-4\" alt=\"Bordel-4\" loading=\"lazy\" \/>\t\t\t\t\t\t\t\t\t\t\t\t\t\t\t<\/div>\n\t\t\t\t<\/div>\n\t\t\t\t<\/div>\n\t\t<div class=\"elementor-element elementor-element-a82d664 e-con-full e-flex e-con e-child\" data-id=\"a82d664\" data-element_type=\"container\" data-e-type=\"container\">\n\t\t\t\t<div class=\"elementor-element elementor-element-f416623 elementor-widget elementor-widget-heading\" data-id=\"f416623\" data-element_type=\"widget\" data-e-type=\"widget\" data-widget_type=\"heading.default\">\n\t\t\t\t<div class=\"elementor-widget-container\">\n\t\t\t\t\t<h4 class=\"elementor-heading-title elementor-size-default\">Protecci\u00f3n duradera contra hongos y bacterias. <\/h4>\t\t\t\t<\/div>\n\t\t\t\t<\/div>\n\t\t\t\t<div class=\"elementor-element elementor-element-3a72e4c elementor-widget elementor-widget-heading\" data-id=\"3a72e4c\" data-element_type=\"widget\" data-e-type=\"widget\" data-widget_type=\"heading.default\">\n\t\t\t\t<div class=\"elementor-widget-container\">\n\t\t\t\t\t<h1 class=\"elementor-heading-title elementor-size-default\">BORDEL-CROP<\/h1>\t\t\t\t<\/div>\n\t\t\t\t<\/div>\n\t\t<div class=\"elementor-element elementor-element-a281e6d e-con-full e-flex e-con e-child\" data-id=\"a281e6d\" data-element_type=\"container\" data-e-type=\"container\" data-settings=\"{&quot;background_background&quot;:&quot;classic&quot;}\">\n\t\t\t\t<div class=\"elementor-element elementor-element-9b172a0 elementor-widget elementor-widget-text-editor\" data-id=\"9b172a0\" data-element_type=\"widget\" data-e-type=\"widget\" data-widget_type=\"text-editor.default\">\n\t\t\t\t<div class=\"elementor-widget-container\">\n\t\t\t\t\t\t\t\t\t<p>Antimic\u00f3tico de contacto con alta adherencia, resistente al lavado por lluvia. Ofrece control prolongado de enfermedades f\u00fangicas y bacterianas, reduciendo la frecuencia de aplicaciones<\/p>\t\t\t\t\t\t\t\t<\/div>\n\t\t\t\t<\/div>\n\t\t\t\t<\/div>\n\t\t<div class=\"elementor-element elementor-element-5d1adac e-con-full e-flex e-con e-child\" data-id=\"5d1adac\" data-element_type=\"container\" data-e-type=\"container\">\n\t\t\t\t<div class=\"elementor-element elementor-element-3253d1e elementor-widget elementor-widget-text-editor\" data-id=\"3253d1e\" data-element_type=\"widget\" data-e-type=\"widget\" data-widget_type=\"text-editor.default\">\n\t\t\t\t<div class=\"elementor-widget-container\">\n\t\t\t\t\t\t\t\t\t<p>\u2022 Funci\u00f3n: Desinfectante, bactericida y fungicida<br \/>\u2022 Aplicaci\u00f3n: V\u00eda foliar<br \/>\u2022 Solubilidad: Alta<br \/>\u2022 Frecuencia: Seg\u00fan programa sanitario del cultivo<\/p><p>Dosis:<\/p><p>Verano: 1000 cc\/Ha<br \/>Invierno: 1500 cc\/Ha<\/p><p>\u00a0<\/p>\t\t\t\t\t\t\t\t<\/div>\n\t\t\t\t<\/div>\n\t\t<div class=\"elementor-element elementor-element-667bec1 e-con-full e-flex e-con e-child\" data-id=\"667bec1\" data-element_type=\"container\" data-e-type=\"container\">\n\t\t\t\t<div class=\"elementor-element elementor-element-d138850 elementor-widget__width-initial elementor-widget elementor-widget-button\" data-id=\"d138850\" data-element_type=\"widget\" data-e-type=\"widget\" data-widget_type=\"button.default\">\n\t\t\t\t<div class=\"elementor-widget-container\">\n\t\t\t\t\t\t\t\t\t<div class=\"elementor-button-wrapper\">\n\t\t\t\t\t<a class=\"elementor-button elementor-button-link elementor-size-sm\" href=\"https:\/\/drive.google.com\/file\/d\/1EBp7KvT2fZjHnhC_GvzV6rasE0Tl1zm2\/view?usp=sharing\" target=\"_blank\">\n\t\t\t\t\t\t<span class=\"elementor-button-content-wrapper\">\n\t\t\t\t\t\t\t\t\t<span class=\"elementor-button-text\">Hoja Seguridad<\/span>\n\t\t\t\t\t<\/span>\n\t\t\t\t\t<\/a>\n\t\t\t\t<\/div>\n\t\t\t\t\t\t\t\t<\/div>\n\t\t\t\t<\/div>\n\t\t\t\t<div class=\"elementor-element elementor-element-2007c32 elementor-widget__width-initial elementor-align-center elementor-widget elementor-widget-button\" data-id=\"2007c32\" data-element_type=\"widget\" data-e-type=\"widget\" data-widget_type=\"button.default\">\n\t\t\t\t<div class=\"elementor-widget-container\">\n\t\t\t\t\t\t\t\t\t<div class=\"elementor-button-wrapper\">\n\t\t\t\t\t<a class=\"elementor-button elementor-button-link elementor-size-sm\" href=\"https:\/\/drive.google.com\/file\/d\/14wAKaI0YsndGsVRHBTYb2L19Gj3SZr3L\/view?usp=sharing\" target=\"_blank\">\n\t\t\t\t\t\t<span class=\"elementor-button-content-wrapper\">\n\t\t\t\t\t\t\t\t\t<span class=\"elementor-button-text\">Ficha T\u00e9cnica<\/span>\n\t\t\t\t\t<\/span>\n\t\t\t\t\t<\/a>\n\t\t\t\t<\/div>\n\t\t\t\t\t\t\t\t<\/div>\n\t\t\t\t<\/div>\n\t\t\t\t<div class=\"elementor-element elementor-element-53bac94 elementor-widget__width-initial elementor-align-center elementor-widget elementor-widget-button\" data-id=\"53bac94\" data-element_type=\"widget\" data-e-type=\"widget\" data-widget_type=\"button.default\">\n\t\t\t\t<div class=\"elementor-widget-container\">\n\t\t\t\t\t\t\t\t\t<div class=\"elementor-button-wrapper\">\n\t\t\t\t\t<a class=\"elementor-button elementor-button-link elementor-size-sm\" href=\"#\">\n\t\t\t\t\t\t<span class=\"elementor-button-content-wrapper\">\n\t\t\t\t\t\t\t\t\t<span class=\"elementor-button-text\">Ayuda<\/span>\n\t\t\t\t\t<\/span>\n\t\t\t\t\t<\/a>\n\t\t\t\t<\/div>\n\t\t\t\t\t\t\t\t<\/div>\n\t\t\t\t<\/div>\n\t\t\t\t<\/div>\n\t\t\t\t<\/div>\n\t\t\t\t<\/div>\n\t\t\t\t<\/div>\n\t\t\t\t<\/div>\n\t\t","protected":false},"excerpt":{"rendered":"<p>ANTIMIC\u00d3TICOS Nuestra l\u00ednea de antimic\u00f3ticos ofrece soluciones para proteger los cultivos de enfermedades causadas por hongos pat\u00f3genos. Utilizamos extractos naturales que combaten las enfermedades de forma efectiva, reduciendo la dependencia de qu\u00edmicos sint\u00e9ticos y promoviendo la salud del suelo y del cultivo. Desinfecci\u00f3n natural de amplio espectro. CLEAN-CROP Desinfectante biorracional que controla hongos, bacterias y [&hellip;]<\/p>\n","protected":false},"author":1,"featured_media":0,"parent":0,"menu_order":0,"comment_status":"closed","ping_status":"closed","template":"","meta":{"footnotes":""},"class_list":["post-1581","page","type-page","status-publish","hentry"],"_links":{"self":[{"href":"https:\/\/parcelardecolombia.com\/index.php?rest_route=\/wp\/v2\/pages\/1581"}],"collection":[{"href":"https:\/\/parcelardecolombia.com\/index.php?rest_route=\/wp\/v2\/pages"}],"about":[{"href":"https:\/\/parcelardecolombia.com\/index.php?rest_route=\/wp\/v2\/types\/page"}],"author":[{"embeddable":true,"href":"https:\/\/parcelardecolombia.com\/index.php?rest_route=\/wp\/v2\/users\/1"}],"replies":[{"embeddable":true,"href":"https:\/\/parcelardecolombia.com\/index.php?rest_route=%2Fwp%2Fv2%2Fcomments&post=1581"}],"version-history":[{"count":51,"href":"https:\/\/parcelardecolombia.com\/index.php?rest_route=\/wp\/v2\/pages\/1581\/revisions"}],"predecessor-version":[{"id":2071,"href":"https:\/\/parcelardecolombia.com\/index.php?rest_route=\/wp\/v2\/pages\/1581\/revisions\/2071"}],"wp:attachment":[{"href":"https:\/\/parcelardecolombia.com\/index.php?rest_route=%2Fwp%2Fv2%2Fmedia&parent=1581"}],"curies":[{"name":"wp","href":"https:\/\/api.w.org\/{rel}","templated":true}]}}