{"id":1595,"date":"2026-02-24T15:32:27","date_gmt":"2026-02-24T15:32:27","guid":{"rendered":"https:\/\/parcelardecolombia.com\/?page_id=1595"},"modified":"2026-03-12T13:39:57","modified_gmt":"2026-03-12T13:39:57","slug":"bionematicidas","status":"publish","type":"page","link":"https:\/\/parcelardecolombia.com\/?page_id=1595","title":{"rendered":"Bionematicidas"},"content":{"rendered":"\t\t<div data-elementor-type=\"wp-page\" data-elementor-id=\"1595\" class=\"elementor elementor-1595\" data-elementor-post-type=\"page\">\n\t\t\t\t<div class=\"elementor-element elementor-element-20d1bfb9 e-con-full e-flex e-con e-parent\" data-id=\"20d1bfb9\" data-element_type=\"container\" data-e-type=\"container\">\n\t\t\t\t<div class=\"elementor-element elementor-element-587d5a31 elementor-widget elementor-widget-heading\" data-id=\"587d5a31\" data-element_type=\"widget\" data-e-type=\"widget\" data-widget_type=\"heading.default\">\n\t\t\t\t<div class=\"elementor-widget-container\">\n\t\t\t\t\t<h2 class=\"elementor-heading-title elementor-size-default\">BIONEMATICIDAS<\/h2>\t\t\t\t<\/div>\n\t\t\t\t<\/div>\n\t\t\t\t<\/div>\n\t\t<div class=\"elementor-element elementor-element-1ae8ea e-con-full e-flex e-con e-parent\" data-id=\"1ae8ea\" data-element_type=\"container\" data-e-type=\"container\">\n\t\t\t\t<div class=\"elementor-element elementor-element-61fa1119 elementor-widget-divider--view-line elementor-widget elementor-widget-divider\" data-id=\"61fa1119\" data-element_type=\"widget\" data-e-type=\"widget\" data-widget_type=\"divider.default\">\n\t\t\t\t<div class=\"elementor-widget-container\">\n\t\t\t\t\t\t\t<div class=\"elementor-divider\">\n\t\t\t<span class=\"elementor-divider-separator\">\n\t\t\t\t\t\t<\/span>\n\t\t<\/div>\n\t\t\t\t\t\t<\/div>\n\t\t\t\t<\/div>\n\t\t\t\t<\/div>\n\t\t<div class=\"elementor-element elementor-element-2fcc3ae9 e-con-full e-flex e-con e-parent\" data-id=\"2fcc3ae9\" data-element_type=\"container\" data-e-type=\"container\">\n\t\t\t\t<div class=\"elementor-element elementor-element-786fd2f8 elementor-widget elementor-widget-text-editor\" data-id=\"786fd2f8\" data-element_type=\"widget\" data-e-type=\"widget\" data-widget_type=\"text-editor.default\">\n\t\t\t\t<div class=\"elementor-widget-container\">\n\t\t\t\t\t\t\t\t\t<p>Nuestra linea de bionematicidas ofrece soluciones para controlar nematodos pat\u00f3genos que atacan las ra\u00edces de los cultivos. Utilizamos compuestos naturales que protegen el sistema radicular de los cultivos, mejorando la absorci\u00f3n de nutrientes y la salud general, lo que e traduce en un mejor desarrollo y rendimiento.<\/p>\t\t\t\t\t\t\t\t<\/div>\n\t\t\t\t<\/div>\n\t\t<div class=\"elementor-element elementor-element-40fddb98 e-con-full e-flex e-con e-child\" data-id=\"40fddb98\" data-element_type=\"container\" data-e-type=\"container\">\n\t\t\t\t<div class=\"elementor-element elementor-element-1cb2ad42 elementor-widget-divider--view-line elementor-widget elementor-widget-divider\" data-id=\"1cb2ad42\" data-element_type=\"widget\" data-e-type=\"widget\" data-widget_type=\"divider.default\">\n\t\t\t\t<div class=\"elementor-widget-container\">\n\t\t\t\t\t\t\t<div class=\"elementor-divider\">\n\t\t\t<span class=\"elementor-divider-separator\">\n\t\t\t\t\t\t<\/span>\n\t\t<\/div>\n\t\t\t\t\t\t<\/div>\n\t\t\t\t<\/div>\n\t\t\t\t<\/div>\n\t\t\t\t<\/div>\n\t\t<div class=\"elementor-element elementor-element-33bb0e63 e-con-full e-flex e-con e-child\" data-id=\"33bb0e63\" data-element_type=\"container\" data-e-type=\"container\">\n\t\t<div class=\"elementor-element elementor-element-36a5a41 e-con-full e-flex e-con e-child\" data-id=\"36a5a41\" data-element_type=\"container\" data-e-type=\"container\">\n\t\t\t\t<div class=\"elementor-element elementor-element-52d713c elementor-widget elementor-widget-image\" data-id=\"52d713c\" data-element_type=\"widget\" data-e-type=\"widget\" data-widget_type=\"image.default\">\n\t\t\t\t<div class=\"elementor-widget-container\">\n\t\t\t\t\t\t\t\t\t\t\t\t\t\t\t<img decoding=\"async\" src=\"https:\/\/parcelardecolombia.com\/wp-content\/uploads\/elementor\/thumbs\/nematocrop-rj92cbsa48fycwexigqk2k19ipzt4hkewnob0k3qr0.jpeg\" title=\"nematocrop\" alt=\"nematocrop\" loading=\"lazy\" \/>\t\t\t\t\t\t\t\t\t\t\t\t\t\t\t<\/div>\n\t\t\t\t<\/div>\n\t\t\t\t<\/div>\n\t\t<div class=\"elementor-element elementor-element-2b5566b3 e-con-full e-flex e-con e-child\" data-id=\"2b5566b3\" data-element_type=\"container\" data-e-type=\"container\">\n\t\t\t\t<div class=\"elementor-element elementor-element-2d4a7538 elementor-widget elementor-widget-heading\" data-id=\"2d4a7538\" data-element_type=\"widget\" data-e-type=\"widget\" data-widget_type=\"heading.default\">\n\t\t\t\t<div class=\"elementor-widget-container\">\n\t\t\t\t\t<h4 class=\"elementor-heading-title elementor-size-default\">Protecci\u00f3n radicular desde el suelo<\/h4>\t\t\t\t<\/div>\n\t\t\t\t<\/div>\n\t\t\t\t<div class=\"elementor-element elementor-element-56d7bd4 elementor-widget elementor-widget-heading\" data-id=\"56d7bd4\" data-element_type=\"widget\" data-e-type=\"widget\" data-widget_type=\"heading.default\">\n\t\t\t\t<div class=\"elementor-widget-container\">\n\t\t\t\t\t<h1 class=\"elementor-heading-title elementor-size-default\">NEMATOCROP<\/h1>\t\t\t\t<\/div>\n\t\t\t\t<\/div>\n\t\t<div class=\"elementor-element elementor-element-53459f69 e-con-full e-flex e-con e-child\" data-id=\"53459f69\" data-element_type=\"container\" data-e-type=\"container\">\n\t\t\t\t<div class=\"elementor-element elementor-element-6fd904e3 elementor-widget elementor-widget-text-editor\" data-id=\"6fd904e3\" data-element_type=\"widget\" data-e-type=\"widget\" data-widget_type=\"text-editor.default\">\n\t\t\t\t<div class=\"elementor-widget-container\">\n\t\t\t\t\t\t\t\t\t<p>Bionematicida de origen natural que reduce poblaciones de nematodos, protege las ra\u00edces y mejora la absorci\u00f3n de nutrientes. Act\u00faa sin generar residuos ni afectar el equilibrio del suelo.<\/p>\t\t\t\t\t\t\t\t<\/div>\n\t\t\t\t<\/div>\n\t\t\t\t<\/div>\n\t\t<div class=\"elementor-element elementor-element-5381f53c e-con-full e-flex e-con e-child\" data-id=\"5381f53c\" data-element_type=\"container\" data-e-type=\"container\">\n\t\t\t\t<div class=\"elementor-element elementor-element-7244ee2a elementor-widget elementor-widget-text-editor\" data-id=\"7244ee2a\" data-element_type=\"widget\" data-e-type=\"widget\" data-widget_type=\"text-editor.default\">\n\t\t\t\t<div class=\"elementor-widget-container\">\n\t\t\t\t\t\t\t\t\t<p data-start=\"130\" data-end=\"233\">\u2022 Controlar nematodos<br data-start=\"151\" data-end=\"154\" \/>\u2022 Proteger la ra\u00edz<br data-start=\"172\" data-end=\"175\" \/>\u2022 Reducir da\u00f1o en el suelo<br data-start=\"201\" data-end=\"204\" \/>\u2022 Mejorar sanidad radicular<\/p><p data-start=\"130\" data-end=\"233\">Dosis<\/p><p data-start=\"249\" data-end=\"335\">\u2022 1,25 \u2013 1,65 cc por litro<br data-start=\"275\" data-end=\"278\" \/>\u2022 25 \u2013 33 cc por bomba de 20 L<br data-start=\"308\" data-end=\"311\" \/>\u2022 Aplicar cada 15 d\u00edas<\/p><p data-start=\"249\" data-end=\"335\">\u00a0<\/p>\t\t\t\t\t\t\t\t<\/div>\n\t\t\t\t<\/div>\n\t\t<div class=\"elementor-element elementor-element-46f56a15 e-con-full e-flex e-con e-child\" data-id=\"46f56a15\" data-element_type=\"container\" data-e-type=\"container\">\n\t\t\t\t<div class=\"elementor-element elementor-element-5d73bdee elementor-widget__width-initial elementor-widget elementor-widget-button\" data-id=\"5d73bdee\" data-element_type=\"widget\" data-e-type=\"widget\" data-widget_type=\"button.default\">\n\t\t\t\t<div class=\"elementor-widget-container\">\n\t\t\t\t\t\t\t\t\t<div class=\"elementor-button-wrapper\">\n\t\t\t\t\t<a class=\"elementor-button elementor-button-link elementor-size-sm\" href=\"#\" target=\"_blank\">\n\t\t\t\t\t\t<span class=\"elementor-button-content-wrapper\">\n\t\t\t\t\t\t\t\t\t<span class=\"elementor-button-text\">Hoja Seguridad<\/span>\n\t\t\t\t\t<\/span>\n\t\t\t\t\t<\/a>\n\t\t\t\t<\/div>\n\t\t\t\t\t\t\t\t<\/div>\n\t\t\t\t<\/div>\n\t\t\t\t<div class=\"elementor-element elementor-element-4daeb9fa elementor-widget__width-initial elementor-widget elementor-widget-button\" data-id=\"4daeb9fa\" data-element_type=\"widget\" data-e-type=\"widget\" data-widget_type=\"button.default\">\n\t\t\t\t<div class=\"elementor-widget-container\">\n\t\t\t\t\t\t\t\t\t<div class=\"elementor-button-wrapper\">\n\t\t\t\t\t<a class=\"elementor-button elementor-button-link elementor-size-sm\" href=\"#\" target=\"_blank\">\n\t\t\t\t\t\t<span class=\"elementor-button-content-wrapper\">\n\t\t\t\t\t\t\t\t\t<span class=\"elementor-button-text\">Ficha T\u00e9cnica<\/span>\n\t\t\t\t\t<\/span>\n\t\t\t\t\t<\/a>\n\t\t\t\t<\/div>\n\t\t\t\t\t\t\t\t<\/div>\n\t\t\t\t<\/div>\n\t\t\t\t<div class=\"elementor-element elementor-element-343cab25 elementor-widget__width-initial elementor-widget elementor-widget-button\" data-id=\"343cab25\" data-element_type=\"widget\" data-e-type=\"widget\" data-widget_type=\"button.default\">\n\t\t\t\t<div class=\"elementor-widget-container\">\n\t\t\t\t\t\t\t\t\t<div class=\"elementor-button-wrapper\">\n\t\t\t\t\t<a class=\"elementor-button elementor-button-link elementor-size-sm\" href=\"#\">\n\t\t\t\t\t\t<span class=\"elementor-button-content-wrapper\">\n\t\t\t\t\t\t\t\t\t<span class=\"elementor-button-text\">Ayuda<\/span>\n\t\t\t\t\t<\/span>\n\t\t\t\t\t<\/a>\n\t\t\t\t<\/div>\n\t\t\t\t\t\t\t\t<\/div>\n\t\t\t\t<\/div>\n\t\t\t\t<\/div>\n\t\t\t\t<\/div>\n\t\t\t\t<\/div>\n\t\t\t\t<\/div>\n\t\t\t\t<\/div>\n\t\t","protected":false},"excerpt":{"rendered":"<p>BIONEMATICIDAS Nuestra linea de bionematicidas ofrece soluciones para controlar nematodos pat\u00f3genos que atacan las ra\u00edces de los cultivos. Utilizamos compuestos naturales que protegen el sistema radicular de los cultivos, mejorando la absorci\u00f3n de nutrientes y la salud general, lo que e traduce en un mejor desarrollo y rendimiento. Protecci\u00f3n radicular desde el suelo NEMATOCROP Bionematicida [&hellip;]<\/p>\n","protected":false},"author":1,"featured_media":0,"parent":0,"menu_order":0,"comment_status":"closed","ping_status":"closed","template":"","meta":{"footnotes":""},"class_list":["post-1595","page","type-page","status-publish","hentry"],"_links":{"self":[{"href":"https:\/\/parcelardecolombia.com\/index.php?rest_route=\/wp\/v2\/pages\/1595"}],"collection":[{"href":"https:\/\/parcelardecolombia.com\/index.php?rest_route=\/wp\/v2\/pages"}],"about":[{"href":"https:\/\/parcelardecolombia.com\/index.php?rest_route=\/wp\/v2\/types\/page"}],"author":[{"embeddable":true,"href":"https:\/\/parcelardecolombia.com\/index.php?rest_route=\/wp\/v2\/users\/1"}],"replies":[{"embeddable":true,"href":"https:\/\/parcelardecolombia.com\/index.php?rest_route=%2Fwp%2Fv2%2Fcomments&post=1595"}],"version-history":[{"count":22,"href":"https:\/\/parcelardecolombia.com\/index.php?rest_route=\/wp\/v2\/pages\/1595\/revisions"}],"predecessor-version":[{"id":2088,"href":"https:\/\/parcelardecolombia.com\/index.php?rest_route=\/wp\/v2\/pages\/1595\/revisions\/2088"}],"wp:attachment":[{"href":"https:\/\/parcelardecolombia.com\/index.php?rest_route=%2Fwp%2Fv2%2Fmedia&parent=1595"}],"curies":[{"name":"wp","href":"https:\/\/api.w.org\/{rel}","templated":true}]}}